{"id":8,"date":"2022-04-13T09:20:48","date_gmt":"2022-04-13T09:20:48","guid":{"rendered":"https:\/\/urlz.li\/?page_id=8"},"modified":"2025-08-27T09:15:15","modified_gmt":"2025-08-27T09:15:15","slug":"home","status":"publish","type":"page","link":"https:\/\/urlz.li\/fr\/","title":{"rendered":"URLZ.li \u2013 Liens courts et simplifi\u00e9s gr\u00e2ce \u00e0 l&#039;API"},"content":{"rendered":"","protected":false},"excerpt":{"rendered":"","protected":false},"author":1,"featured_media":0,"parent":0,"menu_order":0,"comment_status":"open","ping_status":"closed","template":"","meta":{"om_disable_all_campaigns":false,"_monsterinsights_skip_tracking":false,"_monsterinsights_sitenote_active":false,"_monsterinsights_sitenote_note":"","_monsterinsights_sitenote_category":0,"footnotes":""},"class_list":["post-8","page","type-page","status-publish","hentry"],"aioseo_notices":[],"_links":{"self":[{"href":"https:\/\/urlz.li\/fr\/wp-json\/wp\/v2\/pages\/8","targetHints":{"allow":["GET"]}}],"collection":[{"href":"https:\/\/urlz.li\/fr\/wp-json\/wp\/v2\/pages"}],"about":[{"href":"https:\/\/urlz.li\/fr\/wp-json\/wp\/v2\/types\/page"}],"author":[{"embeddable":true,"href":"https:\/\/urlz.li\/fr\/wp-json\/wp\/v2\/users\/1"}],"replies":[{"embeddable":true,"href":"https:\/\/urlz.li\/fr\/wp-json\/wp\/v2\/comments?post=8"}],"version-history":[{"count":5,"href":"https:\/\/urlz.li\/fr\/wp-json\/wp\/v2\/pages\/8\/revisions"}],"predecessor-version":[{"id":152,"href":"https:\/\/urlz.li\/fr\/wp-json\/wp\/v2\/pages\/8\/revisions\/152"}],"wp:attachment":[{"href":"https:\/\/urlz.li\/fr\/wp-json\/wp\/v2\/media?parent=8"}],"curies":[{"name":"wp","href":"https:\/\/api.w.org\/{rel}","templated":true}]}}